{"id":2,"date":"2020-10-31T13:56:06","date_gmt":"2020-10-31T12:56:06","guid":{"rendered":"http:\/\/www.snca-nat.fr\/arsa\/?page_id=2"},"modified":"2024-06-21T17:38:55","modified_gmt":"2024-06-21T15:38:55","slug":"page-d-exemple","status":"publish","type":"page","link":"https:\/\/www.snca-nat.fr\/arsa\/page-d-exemple\/","title":{"rendered":"Qui est Arsa ?"},"content":{"rendered":"\n<p class=\"has-text-align-center\" style=\"font-size:25px\">Arsa est une ourse mal l\u00e9ch\u00e9e mais bien dress\u00e9e.<br>Elle grogne aussi.<\/p>\n\n\n<div class=\"wp-block-image\">\n<figure class=\"aligncenter size-large is-resized\"><img loading=\"lazy\" decoding=\"async\" width=\"250\" height=\"300\" src=\"http:\/\/www.snca-nat.fr\/arsa\/wp-content\/uploads\/2020\/11\/ours-noir-1.png\" alt=\"\" class=\"wp-image-26\" style=\"width:250px;height:300px\"\/><figcaption class=\"wp-element-caption\">Entr\u00e9e tr\u00e8s t\u00f4t en r\u00e9sistance !<\/figcaption><\/figure>\n<\/div>\n\n\n<div class=\"wp-block-group\"><div class=\"wp-block-group__inner-container is-layout-flow wp-block-group-is-layout-flow\">\n<p class=\"has-text-align-center\" style=\"font-size:25px\"> Et quand elle se met en col\u00e8re \u2026<\/p>\n<\/div><\/div>\n\n\n<div class=\"wp-block-image is-style-default\">\n<figure class=\"aligncenter size-large is-resized\"><img loading=\"lazy\" decoding=\"async\" width=\"500\" height=\"467\" src=\"http:\/\/www.snca-nat.fr\/arsa\/wp-content\/uploads\/2020\/11\/Plaff.jpg\" alt=\"\" class=\"wp-image-93\" style=\"width:440px;height:411px\" srcset=\"https:\/\/www.snca-nat.fr\/arsa\/wp-content\/uploads\/2020\/11\/Plaff.jpg 500w, https:\/\/www.snca-nat.fr\/arsa\/wp-content\/uploads\/2020\/11\/Plaff-300x280.jpg 300w\" sizes=\"auto, (max-width: 500px) 100vw, 500px\" \/><figcaption class=\"wp-element-caption\">Elle le fait bien sentir !<\/figcaption><\/figure>\n<\/div>\n\n\n<p class=\"has-text-align-right has-medium-font-size\"><br><em><strong>Le Webmestre<\/strong><\/em><\/p>\n","protected":false},"excerpt":{"rendered":"<p>Arsa est une ourse mal l\u00e9ch\u00e9e mais bien dress\u00e9e.Elle grogne aussi. Et quand elle se met en col\u00e8re \u2026 Le Webmestre<\/p>\n","protected":false},"author":1,"featured_media":0,"parent":0,"menu_order":0,"comment_status":"closed","ping_status":"open","template":"","meta":{"footnotes":""},"class_list":["post-2","page","type-page","status-publish","hentry"],"_links":{"self":[{"href":"https:\/\/www.snca-nat.fr\/arsa\/wp-json\/wp\/v2\/pages\/2","targetHints":{"allow":["GET"]}}],"collection":[{"href":"https:\/\/www.snca-nat.fr\/arsa\/wp-json\/wp\/v2\/pages"}],"about":[{"href":"https:\/\/www.snca-nat.fr\/arsa\/wp-json\/wp\/v2\/types\/page"}],"author":[{"embeddable":true,"href":"https:\/\/www.snca-nat.fr\/arsa\/wp-json\/wp\/v2\/users\/1"}],"replies":[{"embeddable":true,"href":"https:\/\/www.snca-nat.fr\/arsa\/wp-json\/wp\/v2\/comments?post=2"}],"version-history":[{"count":14,"href":"https:\/\/www.snca-nat.fr\/arsa\/wp-json\/wp\/v2\/pages\/2\/revisions"}],"predecessor-version":[{"id":201,"href":"https:\/\/www.snca-nat.fr\/arsa\/wp-json\/wp\/v2\/pages\/2\/revisions\/201"}],"wp:attachment":[{"href":"https:\/\/www.snca-nat.fr\/arsa\/wp-json\/wp\/v2\/media?parent=2"}],"curies":[{"name":"wp","href":"https:\/\/api.w.org\/{rel}","templated":true}]}}